{"id":19,"date":"2022-04-08T23:08:32","date_gmt":"2022-04-08T23:08:32","guid":{"rendered":"http:\/\/invilight.md\/?page_id=19"},"modified":"2022-04-22T17:30:44","modified_gmt":"2022-04-22T17:30:44","slug":"o-nas","status":"publish","type":"page","link":"https:\/\/invilight.md\/ro\/o-nas\/","title":{"rendered":"Despre noi"},"content":{"rendered":"<style type=\"text\/css\" data-created_by=\"avia_inline_auto\" id=\"style-css-av-l1xarzfu-cf7a5fcf94ceeb377f10e2b47b31d309\">\n.avia-section.av-l1xarzfu-cf7a5fcf94ceeb377f10e2b47b31d309{\nbackground-repeat:no-repeat;\nbackground-image:url(https:\/\/invilight.md\/wp-content\/uploads\/2022\/04\/about-us.jpg);\nbackground-position:0% 0%;\nbackground-attachment:fixed;\n}\n.avia-section.av-l1xarzfu-cf7a5fcf94ceeb377f10e2b47b31d309 .av-section-color-overlay{\nopacity:0.7;\nbackground-color:#000000;\n}\n<\/style>\n<div id='av_section_1'  class='avia-section av-l1xarzfu-cf7a5fcf94ceeb377f10e2b47b31d309 main_color avia-section-default avia-no-border-styling  avia-builder-el-0  avia-builder-el-no-sibling  avia-bg-style-fixed av-section-color-overlay-active container_wrap sidebar_right'  data-section-bg-repeat='no-repeat'><div class=\"av-section-color-overlay-wrap\"><div class=\"av-section-color-overlay\"><\/div><div class='container av-section-cont-open' ><main  role=\"main\" itemprop=\"mainContentOfPage\"  class='template-page content  av-content-small alpha units'><div class='post-entry post-entry-type-page post-entry-19'><div class='entry-content-wrapper clearfix'>\n<div class='flex_column av-23goj-5fa83c865d8c62d266fbcf3a1a7f0760 av_one_fifth  avia-builder-el-1  el_before_av_three_fifth  avia-builder-el-first  first flex_column_div'   ><\/div><div class='flex_column av-1hh3b-0346117abdcb04665673768227c461ec av_three_fifth  avia-builder-el-2  el_after_av_one_fifth  el_before_av_one_fifth  flex_column_div'   ><p>\n<style type=\"text\/css\" data-created_by=\"avia_inline_auto\" id=\"style-css-av-l1xateeq-b9150e844e474771f3268cf538585c1c\">\n#top .av-special-heading.av-l1xateeq-b9150e844e474771f3268cf538585c1c{\npadding-bottom:10px;\ncolor:#ffffff;\nfont-size:36px;\n}\nbody .av-special-heading.av-l1xateeq-b9150e844e474771f3268cf538585c1c .av-special-heading-tag .heading-char{\nfont-size:25px;\n}\n#top #wrap_all .av-special-heading.av-l1xateeq-b9150e844e474771f3268cf538585c1c .av-special-heading-tag{\nfont-size:36px;\n}\n.av-special-heading.av-l1xateeq-b9150e844e474771f3268cf538585c1c .special-heading-inner-border{\nborder-color:#ffffff;\n}\n.av-special-heading.av-l1xateeq-b9150e844e474771f3268cf538585c1c .av-subheading{\nfont-size:15px;\n}\n<\/style>\n<div  class='av-special-heading av-l1xateeq-b9150e844e474771f3268cf538585c1c av-special-heading-h1 custom-color-heading blockquote modern-quote modern-centered  avia-builder-el-3  el_before_av_textblock  avia-builder-el-first  av-inherit-size'><h1 class='av-special-heading-tag'  itemprop=\"headline\"  >INVILIGHT<\/h1><div class=\"special-heading-border\"><div class=\"special-heading-inner-border\"><\/div><\/div><\/div><br \/>\n\n<style type=\"text\/css\" data-created_by=\"avia_inline_auto\" id=\"style-css-av-l1xatv6r-98b0d585af12e8fbfa9d7cf564cdcc10\">\n#top .av_textblock_section.av-l1xatv6r-98b0d585af12e8fbfa9d7cf564cdcc10 .avia_textblock{\nfont-size:14px;\ncolor:#ffffff;\n}\n<\/style>\n<section  class='av_textblock_section av-l1xatv6r-98b0d585af12e8fbfa9d7cf564cdcc10'  itemscope=\"itemscope\" itemtype=\"https:\/\/schema.org\/CreativeWork\" ><div class='avia_textblock av_inherit_color'  itemprop=\"text\" ><p style=\"text-align: center;\">Compania SC \u201eVicolcom\u201d Srl \u0219i magazinul-showroom \u201eInviLight\u201d reprezint\u0103 produsele produc\u0103torilor europeni de top \u00een domeniul iluminatului decorativ din Italia, Spania, Germania, Olanda, Polonia.<\/p>\n<p style=\"text-align: center;\">Compania \u021bine pasul cu vremurile, baz\u00e2ndu-\u0219i activit\u0103\u021bile pe tendin\u021bele europene globale \u0219i pe principiile inovatoare de dezvoltare a pie\u021bei.<\/p>\n<p style=\"text-align: center;\">O gam\u0103 larg\u0103 de produse de diverse stiluri \u0219i scopuri permite echipei noastre s\u0103 satisfac\u0103 dorin\u021bele \u0219i cerin\u021bele fiec\u0103rui client.<\/p>\n<p style=\"text-align: center;\">SC \u201eVicolcom\u201d Srl este distribuitorul oficial al concernului spaniol-italian SIMON SA, care produce o gam\u0103 larg\u0103 de produse de instala\u021bii electrice de \u00eenalt\u0103 calitate pentru cas\u0103 \u0219i birou: prize, \u00eentrerup\u0103toare, variatoare, termostate \u0219i multe altele.<\/p>\n<p style=\"text-align: center;\">Produsele de la Simon SA se disting prin raportul calitate-pre\u021b bun, func\u021bionalitate \u0219i caracter practic \u0219i design original. Produsele Simon combin\u0103 fiabilitatea, u\u0219urin\u021ba \u00een utilizare, aspectul estetic, durabilitatea, produsele de \u00eenalt\u0103 calitate, u\u0219urin\u021ba de instalare \u0219i siguran\u021ba.<\/p>\n<p style=\"text-align: center;\">Salonul InviLight prezint\u0103 numai produse fabricate \u00een Europa care \u00eendeplinesc standarde europene \u00eenalte de calitate \u0219i siguran\u021b\u0103.<\/p>\n<div id=\"gtx-trans\" style=\"position: absolute; left: 410px; top: -2.40625px;\">\n<div class=\"gtx-trans-icon\"><\/div>\n<\/div>\n<\/div><\/section><\/p><\/div><div class='flex_column av-u0yf-415fcb6573561ad6490e2ab283aa8f36 av_one_fifth  avia-builder-el-5  el_after_av_three_fifth  avia-builder-el-last  flex_column_div'   ><\/div><\/div><\/div><\/main><!-- close content main element --><\/div><\/div><\/div><div id='after_section_1'  class='main_color av_default_container_wrap container_wrap sidebar_right'  ><div class='container av-section-cont-open' ><div class='template-page content  av-content-small alpha units'><div class='post-entry post-entry-type-page post-entry-19'><div class='entry-content-wrapper clearfix'>","protected":false},"excerpt":{"rendered":"","protected":false},"author":1,"featured_media":0,"parent":0,"menu_order":0,"comment_status":"closed","ping_status":"closed","template":"","meta":{"footnotes":""},"class_list":["post-19","page","type-page","status-publish","hentry"],"_links":{"self":[{"href":"https:\/\/invilight.md\/ro\/wp-json\/wp\/v2\/pages\/19","targetHints":{"allow":["GET"]}}],"collection":[{"href":"https:\/\/invilight.md\/ro\/wp-json\/wp\/v2\/pages"}],"about":[{"href":"https:\/\/invilight.md\/ro\/wp-json\/wp\/v2\/types\/page"}],"author":[{"embeddable":true,"href":"https:\/\/invilight.md\/ro\/wp-json\/wp\/v2\/users\/1"}],"replies":[{"embeddable":true,"href":"https:\/\/invilight.md\/ro\/wp-json\/wp\/v2\/comments?post=19"}],"version-history":[{"count":12,"href":"https:\/\/invilight.md\/ro\/wp-json\/wp\/v2\/pages\/19\/revisions"}],"predecessor-version":[{"id":826,"href":"https:\/\/invilight.md\/ro\/wp-json\/wp\/v2\/pages\/19\/revisions\/826"}],"wp:attachment":[{"href":"https:\/\/invilight.md\/ro\/wp-json\/wp\/v2\/media?parent=19"}],"curies":[{"name":"wp","href":"https:\/\/api.w.org\/{rel}","templated":true}]}}