{"id":23,"date":"2022-04-08T23:09:05","date_gmt":"2022-04-08T23:09:05","guid":{"rendered":"http:\/\/invilight.md\/?page_id=23"},"modified":"2026-02-07T12:49:55","modified_gmt":"2026-02-07T12:49:55","slug":"kontakty","status":"publish","type":"page","link":"https:\/\/invilight.md\/ro\/kontakty\/","title":{"rendered":"Contacte"},"content":{"rendered":"<div class='flex_column av-1fhn7-63e789c4071082b12ef178d1ae717b5c av_one_third  avia-builder-el-0  el_before_av_two_third  avia-builder-el-first  first flex_column_div'   ><section  class='av_textblock_section av-l1wugoqv-4359d1dc0ea61a0cd978aae4d23e75c7'  itemscope=\"itemscope\" itemtype=\"https:\/\/schema.org\/CreativeWork\" ><div class='avia_textblock'  itemprop=\"text\" ><section class=\"av_textblock_section\">\n<div class=\"avia_textblock\">\n<p><strong>Adresa:<\/strong><\/p>\n<p>Str. Vasile Lupu 61\/6<br \/>\nChisinau, Moldova<\/p>\n<p>+373 62040484<br \/>\n+373 79401076<\/p>\n<p>info@invilight.md<\/p>\n<\/div>\n<\/section>\n<section class=\"av_textblock_section\">\n<div class=\"avia_textblock\">\n<p><strong>Magazinul este deschis dup\u0103 urm\u0103torul program:<\/strong><br \/>\n\u041f\u043e\u043d\u0435\u0434\u0435\u043b\u044c\u043d\u0438\u043a \u2014 \u041f\u044f\u0442\u043d\u0438\u0446\u0430: \u0417\u0410\u041a\u0420\u042b\u0422\u041e<br \/>\nS\u00e2mb\u0103t\u0103: 10:00-17:00<br \/>\nDuminic\u0103: zi liber\u0103<\/p>\n<\/div>\n<\/section>\n<\/div><\/section><\/div><div class='flex_column av-2wvn-15b064e43ceee3aeb0cb3926838d65c2 av_two_third  avia-builder-el-2  el_after_av_one_third  el_before_av_layout_row  avia-builder-el-last  flex_column_div'   ><section  class='av_textblock_section av-l1wuim1p-5c7bcd2ef6d58b4627adc15ecf38a9ff'  itemscope=\"itemscope\" itemtype=\"https:\/\/schema.org\/CreativeWork\" ><div class='avia_textblock'  itemprop=\"text\" ><p><iframe loading=\"lazy\" style=\"border: 0;\" src=\"https:\/\/www.google.com\/maps\/embed?pb=!1m18!1m12!1m3!1d10879.677019407767!2d28.789472667380224!3d47.02218993615902!2m3!1f0!2f0!3f0!3m2!1i1024!2i768!4f13.1!3m3!1m2!1s0x40c97dd94c82357b%3A0x3bf12ed7394a5b92!2sStrada%20Vasile%20Lupu%2061%2C%20Chi%C8%99in%C4%83u%202008%2C%20Moldova!5e0!3m2!1sro!2s!4v1649810380873!5m2!1sro!2s\" width=\"600\" height=\"450\" allowfullscreen=\"allowfullscreen\"><\/iframe><\/p>\n<\/div><\/section><\/div><\/p>\n<\/div><\/div><\/div><!-- close content main div --><\/div><\/div><div id='av-layout-grid-1'  class='av-layout-grid-container av-l1x7fj41-c8dba6c0a1584ee906317536a42bdf42 entry-content-wrapper main_color av-flex-cells  avia-builder-el-4  el_after_av_two_third  el_before_av_section  grid-row-not-first  container_wrap sidebar_right'  >\n<div class='flex_cell av_one_half av-4dcr7-687af5ef2407a62bc9de983b9ad3169d no_margin  avia-builder-el-5  el_before_av_cell_one_half  avia-builder-el-first' ><div class='flex_cell_inner'><\/div><\/div><div class='flex_cell av_one_half av-4373b-c4392814d8f20bf44cb7cb90f96d49ba no_margin  avia-builder-el-6  el_after_av_cell_one_half  avia-builder-el-last' ><div class='flex_cell_inner'><\/div><\/div>\n<\/div>\n\n<style type=\"text\/css\" data-created_by=\"avia_inline_auto\" id=\"style-css-av-l1x7grb1-91cbdb588097ff0978f39c0e1c6b58ff\">\n.avia-section.av-l1x7grb1-91cbdb588097ff0978f39c0e1c6b58ff{\nbackground-repeat:no-repeat;\nbackground-image:url(https:\/\/invilight.md\/wp-content\/uploads\/2022\/04\/about-us.jpg);\nbackground-position:0% 0%;\nbackground-attachment:scroll;\n}\n.avia-section.av-l1x7grb1-91cbdb588097ff0978f39c0e1c6b58ff .av-section-color-overlay{\nopacity:0.5;\nbackground-color:#000000;\n}\n<\/style>\n<div id='av_section_1'  class='avia-section av-l1x7grb1-91cbdb588097ff0978f39c0e1c6b58ff main_color avia-section-default avia-no-border-styling  avia-builder-el-7  el_after_av_layout_row  avia-builder-el-last  avia-bg-style-scroll av-section-color-overlay-active container_wrap sidebar_right'  data-section-bg-repeat='no-repeat'><div class=\"av-section-color-overlay-wrap\"><div class=\"av-section-color-overlay\"><\/div><div class='container av-section-cont-open' ><div class='template-page content  av-content-small alpha units'><div class='post-entry post-entry-type-page post-entry-23'><div class='entry-content-wrapper clearfix'>\n<div class='flex_column av-b3bn-2ea88aa36cb20e2a72beebf079669347 av_one_half  avia-builder-el-8  el_before_av_one_half  avia-builder-el-first  first flex_column_div'   ><form action=\"https:\/\/invilight.md\/ro\/kontakty\/\" method=\"post\"  class=\"avia_ajax_form av-form-labels-hidden   avia-builder-el-9  avia-builder-el-no-sibling  av-custom-form-color av-light-form\" data-avia-form-id=\"1\" data-avia-redirect='' data-trp-original-action=\"https:\/\/invilight.md\/ro\/kontakty\/\" ><h3 class=''>Trimite-ne un mesaj<\/h3><fieldset><p class='first_form  form_element form_fullwidth' id='element_avia_1_1'><label for=\"avia_1_1\">\u0418\u043c\u044f <abbr class=\"required\" title=\"required\">*<\/abbr><\/label> <input name=\"avia_1_1\" class=\"text_input is_empty\" type=\"text\" id=\"avia_1_1\" value=\"\"  placeholder='Nume'\/><\/p><p class='first_form  form_element form_fullwidth' id='element_avia_2_1'><label for=\"avia_2_1\">\u0415\u043c\u0435\u0439\u043b <abbr class=\"required\" title=\"required\">*<\/abbr><\/label> <input name=\"avia_2_1\" class=\"text_input is_email\" type=\"text\" id=\"avia_2_1\" value=\"\"  placeholder='Email'\/><\/p><p class='first_form  form_element form_fullwidth' id='element_avia_3_1'><label for=\"avia_3_1\">\u0422\u0435\u043c\u0430 <abbr class=\"required\" title=\"required\">*<\/abbr><\/label> <input name=\"avia_3_1\" class=\"text_input is_empty\" type=\"text\" id=\"avia_3_1\" value=\"\"  placeholder='Tema'\/><\/p><p class='first_form  form_element form_fullwidth av-last-visible-form-element' id='element_avia_4_1'><label for=\"avia_4_1\" class=\"textare_label hidden textare_label_avia_4_1\">\u0421\u043e\u043e\u0431\u0449\u0435\u043d\u0438\u0435 <abbr class=\"required\" title=\"required\">*<\/abbr><\/label><textarea  placeholder='Mesajul' name=\"avia_4_1\" class=\"text_area is_empty\" cols=\"40\" rows=\"7\" id=\"avia_4_1\" ><\/textarea><\/p><p class=\"hidden\"><input type=\"text\" name=\"avia_5_1\" class=\"hidden\" id=\"avia_5_1\" value=\"\" \/><\/p><p class=\"form_element\"><input type=\"hidden\" value=\"1\" name=\"avia_generated_form1\" \/><input type=\"submit\" value=\"Trimite\" class=\"button\"  data-sending-label=\"Sending\"\/><\/p><\/fieldset><input type=\"hidden\" name=\"trp-form-language\" value=\"ro\"\/><\/form><div id=\"ajaxresponse_1\" class=\"ajaxresponse ajaxresponse_1 hidden\"><\/div><\/div><div class='flex_column av-13p13-99d055f9549290f126f0428931e85940 av_one_half  avia-builder-el-10  el_after_av_one_half  avia-builder-el-last  flex_column_div'   ><p>\n<style type=\"text\/css\" data-created_by=\"avia_inline_auto\" id=\"style-css-av-l1x7p5l0-439443119422befb2f0fb2f24bb13e2d\">\n#top .av-special-heading.av-l1x7p5l0-439443119422befb2f0fb2f24bb13e2d{\npadding-bottom:10px;\ncolor:#ffffff;\n}\nbody .av-special-heading.av-l1x7p5l0-439443119422befb2f0fb2f24bb13e2d .av-special-heading-tag .heading-char{\nfont-size:25px;\n}\n.av-special-heading.av-l1x7p5l0-439443119422befb2f0fb2f24bb13e2d .special-heading-inner-border{\nborder-color:#ffffff;\n}\n.av-special-heading.av-l1x7p5l0-439443119422befb2f0fb2f24bb13e2d .av-subheading{\nfont-size:15px;\n}\n<\/style>\n<div  class='av-special-heading av-l1x7p5l0-439443119422befb2f0fb2f24bb13e2d av-special-heading-h1 custom-color-heading blockquote modern-quote  avia-builder-el-11  el_before_av_hr  avia-builder-el-first'><h1 class='av-special-heading-tag'  itemprop=\"headline\"  >INVILIGHT\u2026<\/h1><div class=\"special-heading-border\"><div class=\"special-heading-inner-border\"><\/div><\/div><\/div><br \/>\n<div  class='hr av-l1x7qb3i-1935acbf375a7a66a68dc2f7a46a7ce9 hr-default  avia-builder-el-12  el_after_av_heading  el_before_av_textblock'><span class='hr-inner'><span class=\"hr-inner-style\"><\/span><\/span><\/div><br \/>\n\n<style type=\"text\/css\" data-created_by=\"avia_inline_auto\" id=\"style-css-av-l1wurk5n-ab4b49699b6feca89ec3ae26ef268883\">\n#top .av_textblock_section.av-l1wurk5n-ab4b49699b6feca89ec3ae26ef268883 .avia_textblock{\ncolor:#ffffff;\n}\n<\/style>\n<section  class='av_textblock_section av-l1wurk5n-ab4b49699b6feca89ec3ae26ef268883'  itemscope=\"itemscope\" itemtype=\"https:\/\/schema.org\/CreativeWork\" ><div class='avia_textblock av_inherit_color'  itemprop=\"text\" ><div class=\"av-special-heading av-special-heading-h1 blockquote modern-quote modern-centered avia-builder-el-12 el_before_av_textblock avia-builder-el-first av-thin-font av-inherit-size\"><\/div>\n<section class=\"av_textblock_section\">\n<div class=\"avia_textblock av_inherit_color\">\n<h2>Suntem \u00een contact!<\/h2>\n<p>Dac\u0103 ave\u021bi \u00eentreb\u0103ri, reclama\u021bii, comentarii sau sugestii cu privire la func\u021bionarea magazinului InviLight, precum \u0219i la produse sau servicii, v\u0103 rug\u0103m s\u0103 ne anun\u021ba\u021bi telefonic, s\u0103 scrie\u021bi o scrisoare sau s\u0103 completa\u021bi formularul de mai jos.<\/p>\n<p>De asemenea, suntem mereu bucuro\u0219i s\u0103 r\u0103spundem la \u00eentreb\u0103rile de pe re\u021belele de socializare!<\/p>\n<\/div>\n<\/section>\n<\/div><\/section><\/p><\/div>\n<\/div><\/div><\/div><!-- close content main div --><\/div><\/div><\/div><div id='after_section_1'  class='main_color av_default_container_wrap container_wrap sidebar_right'  ><div class='container av-section-cont-open' ><div class='template-page content  av-content-small alpha units'><div class='post-entry post-entry-type-page post-entry-23'><div class='entry-content-wrapper clearfix'>","protected":false},"excerpt":{"rendered":"","protected":false},"author":1,"featured_media":0,"parent":0,"menu_order":0,"comment_status":"closed","ping_status":"closed","template":"","meta":{"footnotes":""},"class_list":["post-23","page","type-page","status-publish","hentry"],"_links":{"self":[{"href":"https:\/\/invilight.md\/ro\/wp-json\/wp\/v2\/pages\/23","targetHints":{"allow":["GET"]}}],"collection":[{"href":"https:\/\/invilight.md\/ro\/wp-json\/wp\/v2\/pages"}],"about":[{"href":"https:\/\/invilight.md\/ro\/wp-json\/wp\/v2\/types\/page"}],"author":[{"embeddable":true,"href":"https:\/\/invilight.md\/ro\/wp-json\/wp\/v2\/users\/1"}],"replies":[{"embeddable":true,"href":"https:\/\/invilight.md\/ro\/wp-json\/wp\/v2\/comments?post=23"}],"version-history":[{"count":14,"href":"https:\/\/invilight.md\/ro\/wp-json\/wp\/v2\/pages\/23\/revisions"}],"predecessor-version":[{"id":2002,"href":"https:\/\/invilight.md\/ro\/wp-json\/wp\/v2\/pages\/23\/revisions\/2002"}],"wp:attachment":[{"href":"https:\/\/invilight.md\/ro\/wp-json\/wp\/v2\/media?parent=23"}],"curies":[{"name":"wp","href":"https:\/\/api.w.org\/{rel}","templated":true}]}}