{"id":1006,"date":"2022-04-30T08:41:35","date_gmt":"2022-04-30T08:41:35","guid":{"rendered":"http:\/\/invilight.md\/?post_type=product&#038;p=1006"},"modified":"2022-04-30T08:41:35","modified_gmt":"2022-04-30T08:41:35","slug":"lyustra-klassicheskaya-4","status":"publish","type":"product","link":"https:\/\/invilight.md\/ro\/product\/lyustra-klassicheskaya-4\/","title":{"rendered":"Lustr\u0103 clasic\u0103"},"content":{"rendered":"<table class=\"table table-hover s-text5 lh-1-8\" width=\"825\">\n<tbody>\n<tr>\n<td class=\"capitalize\"><strong>Material<\/strong><\/td>\n<td><span class=\"text-up\">ALAMA\/BRONZ\/TEXTIL<\/span><span class=\"text-up\">CRYSTAL SCHOLER (AUSTRIA)<\/span><\/td>\n<\/tr>\n<tr>\n<td class=\"capitalize\"><\/td>\n<td><\/td>\n<\/tr>\n<tr>\n<td class=\"capitalize\"><strong>Culoarea de baza<\/strong><\/td>\n<td><span class=\"text-up\">Nichel antic \/ nichel str\u0103lucitor \/\u00a0<\/span>patin\u0103\/aur<\/td>\n<\/tr>\n<tr>\n<td class=\"capitalize\"><strong>Index abajur\/abajur<\/strong><\/td>\n<td>19 (37 op\u021biuni disponibile)<\/td>\n<\/tr>\n<tr>\n<td class=\"capitalize\"><strong>Material abajur\/abajur<\/strong><\/td>\n<td><span class=\"text-up\">TEXTIL<\/span><\/td>\n<\/tr>\n<tr>\n<td class=\"capitalize\"><\/td>\n<td><\/td>\n<\/tr>\n<tr>\n<td class=\"capitalize\"><strong>Tensiune<\/strong><\/td>\n<td><span class=\"text-up\">230V<\/span><\/td>\n<\/tr>\n<tr>\n<td class=\"capitalize\"><strong>Fixare<\/strong><\/td>\n<td><span class=\"text-up\">6XE14 MAX. 6x40 W<\/span><\/td>\n<\/tr>\n<tr>\n<td class=\"capitalize\"><strong>Protec\u021bie<\/strong><\/td>\n<td class=\"text-up\"><span class=\"text-up\">IP20<\/span><\/td>\n<\/tr>\n<tr>\n<td class=\"capitalize\"><strong>Becuri incluse<\/strong><\/td>\n<td><span class=\"text-up\">NU<\/span><\/td>\n<\/tr>\n<\/tbody>\n<\/table>","protected":false},"excerpt":{"rendered":"<p>Lustr\u0103 clasic\u0103. Segment premium. \u00cen produc\u021bie au fost folosite materiale de \u00eenalt\u0103 calitate \u0219i execu\u021bie de bijuterii. Elemente de cristal de la SCHOLER CRISTAL \u0219i SWAROVSKI<\/p>","protected":false},"featured_media":1008,"comment_status":"open","ping_status":"closed","template":"","meta":[],"product_cat":[21],"product_tag":[],"class_list":{"0":"post-1006","1":"product","2":"type-product","3":"status-publish","4":"has-post-thumbnail","6":"product_cat-klassicheskoe-osveshhenie","8":"first","9":"instock","10":"shipping-taxable","11":"purchasable","12":"product-type-simple"},"_links":{"self":[{"href":"https:\/\/invilight.md\/ro\/wp-json\/wp\/v2\/product\/1006","targetHints":{"allow":["GET"]}}],"collection":[{"href":"https:\/\/invilight.md\/ro\/wp-json\/wp\/v2\/product"}],"about":[{"href":"https:\/\/invilight.md\/ro\/wp-json\/wp\/v2\/types\/product"}],"replies":[{"embeddable":true,"href":"https:\/\/invilight.md\/ro\/wp-json\/wp\/v2\/comments?post=1006"}],"wp:featuredmedia":[{"embeddable":true,"href":"https:\/\/invilight.md\/ro\/wp-json\/wp\/v2\/media\/1008"}],"wp:attachment":[{"href":"https:\/\/invilight.md\/ro\/wp-json\/wp\/v2\/media?parent=1006"}],"wp:term":[{"taxonomy":"product_cat","embeddable":true,"href":"https:\/\/invilight.md\/ro\/wp-json\/wp\/v2\/product_cat?post=1006"},{"taxonomy":"product_tag","embeddable":true,"href":"https:\/\/invilight.md\/ro\/wp-json\/wp\/v2\/product_tag?post=1006"}],"curies":[{"name":"wp","href":"https:\/\/api.w.org\/{rel}","templated":true}]}}