{"id":1343,"date":"2022-05-28T11:49:30","date_gmt":"2022-05-28T11:49:30","guid":{"rendered":"https:\/\/invilight.md\/?post_type=product&#038;p=1343"},"modified":"2024-11-09T00:16:00","modified_gmt":"2024-11-09T00:16:00","slug":"dgsz1z-01-11-rozetka-s-zazemleniem-i-zashhitnymi-shtorkami-2-czveta","status":"publish","type":"product","link":"https:\/\/invilight.md\/ro\/product\/dgsz1z-01-11-rozetka-s-zazemleniem-i-zashhitnymi-shtorkami-2-czveta\/","title":{"rendered":"DGSZ1Z.01\/11. Priz\u0103 cu \u00eemp\u0103m\u00e2ntare \u0219i protec\u021bie. 2 culori"},"content":{"rendered":"<div class=\"catalog__product-param-name\">Seria: SIMON 54 Premium<\/div>\n<div>Cod produs: DGSZ1Z.01\/11 (41)<\/div>\n<div class=\"catalog__product-param-name\">Denumire produs: Priz\u0103 cu \u00eemp\u0103m\u00e2ntare \u0219i cu obloane de protec\u021bie, modul<\/div>\n<div class=\"catalog__product-param-name\">Culoare: alb (11), crem (41)<\/div>\n<div class=\"catalog__product-param-name\">Curent nominal: 16 A.<\/div>\n<div class=\"catalog__product-param-name\">Tensiune nominal\u0103: 250 V.<\/div>\n<div class=\"catalog__product-param-name\">Tip conexiune\/tip terminal: cleme cu eliberare rapid\u0103<\/div>\n<div class=\"catalog__product-param-name\">Clasa de protectie: IP20<\/div>\n<div class=\"catalog__product-param-name\">Gama de frecvente: 50-60Hz<\/div>\n<div>Producator: KONTAKT-SIMON SA<\/div>","protected":false},"excerpt":{"rendered":"<p>\u0421\u0435\u0440\u0438\u044f: SIMON 54 Premium \u041a\u043e\u0434 \u0442\u043e\u0432\u0430\u0440\u0430: DGSZ1Z.01\/11 (41) \u041d\u0430\u0438\u043c\u0435\u043d\u043e\u0432\u0430\u043d\u0438\u0435 \u0442\u043e\u0432\u0430\u0440\u0430: \u0420\u043e\u0437\u0435\u0442\u043a\u0430 \u0441 \u0437\u0430\u0437\u0435\u043c\u043b\u0435\u043d\u0438\u0435\u043c \u0438 \u0441 \u0437\u0430\u0449\u0438\u0442\u043d\u044b\u043c\u0438 \u0448\u0442\u043e\u0440\u043a\u0430\u043c\u0438, \u043c\u043e\u0434\u0443\u043b\u044c \u0426\u0432\u0435\u0442: \u0431\u0435\u043b\u044b\u0439 (11) \/ \u0441\u043b\u0438\u0432\u043e\u0447\u043d\u044b\u0439 (41) \u041d\u043e\u043c\u0438\u043d\u0430\u043b\u044c\u043d\u044b\u0439 \u0442\u043e\u043a: 16 \u0410. \u041d\u043e\u043c\u0438\u043d\u0430\u043b\u044c\u043d\u043e\u0435 \u043d\u0430\u043f\u0440\u044f\u0436\u0435\u043d\u0438\u0435: 250 \u0412. \u0422\u0438\u043f \u043f\u043e\u0434\u043a\u043b\u044e\u0447\u0435\u043d\u0438\u044f\/\u0442\u0438\u043f \u043a\u043b\u0435\u043c\u043c\u044b: \u0431\u044b\u0441\u0442\u0440\u043e\u0440\u0430\u0437\u044a\u0435\u043c\u043d\u044b\u0435 \u0437\u0430\u0436\u0438\u043c\u044b \u041a\u043b\u0430\u0441\u0441 \u0437\u0430\u0449\u0438\u0442\u044b: IP20 \u0414\u0438\u0430\u043f\u0430\u0437\u043e\u043d \u0447\u0430\u0441\u0442\u043e\u0442: 50-60 \u0413\u0446 \u041f\u0440\u043e\u0438\u0437\u0432\u043e\u0434\u0438\u0442\u0435\u043b\u044c: KONTAKT-SIMON SA<\/p>","protected":false},"featured_media":1344,"comment_status":"open","ping_status":"closed","template":"","meta":[],"product_cat":[31],"product_tag":[],"class_list":{"0":"post-1343","1":"product","2":"type-product","3":"status-publish","4":"has-post-thumbnail","6":"product_cat-simon-54-premium","8":"first","9":"instock","10":"shipping-taxable","11":"purchasable","12":"product-type-simple"},"_links":{"self":[{"href":"https:\/\/invilight.md\/ro\/wp-json\/wp\/v2\/product\/1343","targetHints":{"allow":["GET"]}}],"collection":[{"href":"https:\/\/invilight.md\/ro\/wp-json\/wp\/v2\/product"}],"about":[{"href":"https:\/\/invilight.md\/ro\/wp-json\/wp\/v2\/types\/product"}],"replies":[{"embeddable":true,"href":"https:\/\/invilight.md\/ro\/wp-json\/wp\/v2\/comments?post=1343"}],"wp:featuredmedia":[{"embeddable":true,"href":"https:\/\/invilight.md\/ro\/wp-json\/wp\/v2\/media\/1344"}],"wp:attachment":[{"href":"https:\/\/invilight.md\/ro\/wp-json\/wp\/v2\/media?parent=1343"}],"wp:term":[{"taxonomy":"product_cat","embeddable":true,"href":"https:\/\/invilight.md\/ro\/wp-json\/wp\/v2\/product_cat?post=1343"},{"taxonomy":"product_tag","embeddable":true,"href":"https:\/\/invilight.md\/ro\/wp-json\/wp\/v2\/product_tag?post=1343"}],"curies":[{"name":"wp","href":"https:\/\/api.w.org\/{rel}","templated":true}]}}