{"id":1346,"date":"2022-05-28T12:05:27","date_gmt":"2022-05-28T12:05:27","guid":{"rendered":"https:\/\/invilight.md\/?post_type=product&#038;p=1346"},"modified":"2024-11-09T01:07:08","modified_gmt":"2024-11-09T01:07:08","slug":"dgsz1z-01-rozetka-s-zazemleniem-i-s-zashhitnymi-shtorkami-5-czvetov","status":"publish","type":"product","link":"https:\/\/invilight.md\/ro\/product\/dgsz1z-01-rozetka-s-zazemleniem-i-s-zashhitnymi-shtorkami-5-czvetov\/","title":{"rendered":"DGSZ1Z.01\/\u2026.Priz\u0103 cu \u00eemp\u0103m\u00e2ntare \u0219i cu protec\u021bie. 5 culori"},"content":{"rendered":"<div class=\"catalog__product-param-name\">Seria: SIMON 54 Premium<\/div>\n<div>\u041a\u043e\u0434 \u0442\u043e\u0432\u0430\u0440\u0430: DGSZ1Z.01\/&#8230;<\/div>\n<div>Denumire produs: Priz\u0103 cu \u00eemp\u0103m\u00e2ntare \u0219i cu obloane de protec\u021bie, modul<\/div>\n<div class=\"catalog__product-param-name\">\u0426\u0432\u0435\u0442:\u00a0 \u0441\u0435\u0440\u0435\u0431\u0440\u0438\u0441\u0442\u044b\u0439 \u043c\u0430\u0442\u043e\u0432\u044b\u0439 \u043c\u0435\u0442\u0430\u043b\u043b\u0438\u0437\u0438\u0440\u043e\u0432\u0430\u043d\u043d\u044b\u0439(43) \/ \u0437\u043e\u043b\u043e\u0442\u043e\u0439 \u043c\u0430\u0442\u043e\u0432\u044b\u0439 \u043c\u0435\u0442\u0430\u043b\u043b\u0438\u0437\u0438\u0440\u043e\u0432\u0430\u043d\u043d\u044b\u0439 (44) \/<\/div>\n<div>\u00a0 \u00a0 \u00a0 \u00a0 \u00a0 \u00a0 bronz mat metalizat (46) \/ antracit metalizat (48) \/ negru mat (49)<\/div>\n<div class=\"catalog__product-param-name\">Curent nominal: 16 A.<\/div>\n<div class=\"catalog__product-param-name\">Tensiune nominal\u0103: 250 V.<\/div>\n<div class=\"catalog__product-param-name\">Tip conexiune\/tip terminal: cleme cu eliberare rapid\u0103<\/div>\n<div class=\"catalog__product-param-name\">Clasa de protectie: IP20<\/div>\n<div class=\"catalog__product-param-name\">Gama de frecvente: 50-60Hz<\/div>\n<div>Producator: KONTAKT-SIMON SA<\/div>","protected":false},"excerpt":{"rendered":"<p>\u0421\u0435\u0440\u0438\u044f: SIMON 54 Premium \u041a\u043e\u0434 \u0442\u043e\u0432\u0430\u0440\u0430: DGSZ1Z.01\/&#8230; \u041d\u0430\u0438\u043c\u0435\u043d\u043e\u0432\u0430\u043d\u0438\u0435 \u0442\u043e\u0432\u0430\u0440\u0430: \u0420\u043e\u0437\u0435\u0442\u043a\u0430 \u0441 \u0437\u0430\u0437\u0435\u043c\u043b\u0435\u043d\u0438\u0435\u043c \u0438 \u0441 \u0437\u0430\u0449\u0438\u0442\u043d\u044b\u043c\u0438 \u0448\u0442\u043e\u0440\u043a\u0430\u043c\u0438, \u043c\u043e\u0434\u0443\u043b\u044c \u0426\u0432\u0435\u0442:\u00a0 \u0441\u0435\u0440\u0435\u0431\u0440\u0438\u0441\u0442\u044b\u0439 \u043c\u0430\u0442\u043e\u0432\u044b\u0439 \u043c\u0435\u0442\u0430\u043b\u043b\u0438\u0437\u0438\u0440\u043e\u0432\u0430\u043d\u043d\u044b\u0439(43) \/ \u0437\u043e\u043b\u043e\u0442\u043e\u0439 \u043c\u0430\u0442\u043e\u0432\u044b\u0439 \u043c\u0435\u0442\u0430\u043b\u043b\u0438\u0437\u0438\u0440\u043e\u0432\u0430\u043d\u043d\u044b\u0439 (44) \/ \u00a0 \u00a0 \u00a0 \u00a0 \u00a0 \u00a0 \u0431\u0440\u043e\u043d\u0437\u0430 \u043c\u0430\u0442\u043e\u0432\u044b\u0439 \u043c\u0435\u0442\u0430\u043b\u043b\u0438\u0437\u0438\u0440\u043e\u0432\u0430\u043d\u043d\u044b\u0439 (46)\/ \u0430\u043d\u0442\u0440\u0430\u0446\u0438\u0442 \u043c\u0435\u0442\u0430\u043b\u043b\u0438\u0437\u0438\u0440\u043e\u0432\u0430\u043d\u043d\u044b\u0439 (48) \/ \u0447\u0435\u0440\u043d\u044b\u0439 \u043c\u0430\u0442 (49) \u041d\u043e\u043c\u0438\u043d\u0430\u043b\u044c\u043d\u044b\u0439 \u0442\u043e\u043a: 16 \u0410. \u041d\u043e\u043c\u0438\u043d\u0430\u043b\u044c\u043d\u043e\u0435 \u043d\u0430\u043f\u0440\u044f\u0436\u0435\u043d\u0438\u0435: 250 \u0412. \u0422\u0438\u043f \u043f\u043e\u0434\u043a\u043b\u044e\u0447\u0435\u043d\u0438\u044f\/\u0442\u0438\u043f \u043a\u043b\u0435\u043c\u043c\u044b: [&hellip;]<\/p>","protected":false},"featured_media":1347,"comment_status":"open","ping_status":"closed","template":"","meta":[],"product_cat":[31],"product_tag":[],"class_list":{"0":"post-1346","1":"product","2":"type-product","3":"status-publish","4":"has-post-thumbnail","6":"product_cat-simon-54-premium","8":"first","9":"instock","10":"shipping-taxable","11":"purchasable","12":"product-type-simple"},"_links":{"self":[{"href":"https:\/\/invilight.md\/ro\/wp-json\/wp\/v2\/product\/1346","targetHints":{"allow":["GET"]}}],"collection":[{"href":"https:\/\/invilight.md\/ro\/wp-json\/wp\/v2\/product"}],"about":[{"href":"https:\/\/invilight.md\/ro\/wp-json\/wp\/v2\/types\/product"}],"replies":[{"embeddable":true,"href":"https:\/\/invilight.md\/ro\/wp-json\/wp\/v2\/comments?post=1346"}],"wp:featuredmedia":[{"embeddable":true,"href":"https:\/\/invilight.md\/ro\/wp-json\/wp\/v2\/media\/1347"}],"wp:attachment":[{"href":"https:\/\/invilight.md\/ro\/wp-json\/wp\/v2\/media?parent=1346"}],"wp:term":[{"taxonomy":"product_cat","embeddable":true,"href":"https:\/\/invilight.md\/ro\/wp-json\/wp\/v2\/product_cat?post=1346"},{"taxonomy":"product_tag","embeddable":true,"href":"https:\/\/invilight.md\/ro\/wp-json\/wp\/v2\/product_tag?post=1346"}],"curies":[{"name":"wp","href":"https:\/\/api.w.org\/{rel}","templated":true}]}}