{"id":1442,"date":"2022-07-30T09:28:30","date_gmt":"2022-07-30T09:28:30","guid":{"rendered":"https:\/\/invilight.md\/?post_type=product&#038;p=1442"},"modified":"2024-11-09T02:04:45","modified_gmt":"2024-11-09T02:04:45","slug":"1442","status":"publish","type":"product","link":"https:\/\/invilight.md\/ro\/product\/1442\/","title":{"rendered":""},"content":{"rendered":"<p>Spot<br \/>\nMaterial: aluminiu<br \/>\nculoare alba<\/p>\n<p>Surs\u0103 de lumin\u0103: bec GU10 (nu este inclus\u0103)<\/p>\n<p>Num\u0103r de puncte de lumin\u0103: 1<br \/>\nPutere: max 1x50W<br \/>\nClasa de protectie IP: 20<\/p>","protected":false},"excerpt":{"rendered":"<p>\u0422\u043e\u0447\u0435\u0447\u043d\u044b\u0439 \u0441\u0432\u0435\u0442\u0438\u043b\u044c\u043d\u0438\u043a \u041c\u0430\u0442\u0435\u0440\u0438\u0430\u043b: \u0430\u043b\u044e\u043c\u0438\u043d\u0438\u0439 \u0426\u0432\u0435\u0442: \u0431\u0435\u043b\u044b\u0439 \u0418\u0441\u0442\u043e\u0447\u043d\u0438\u043a \u0441\u0432\u0435\u0442\u0430: \u043b\u0430\u043c\u043f\u0430 GU10 (\u0432 \u043a\u043e\u043c\u043f\u043b\u0435\u043a\u0442 \u043d\u0435 \u0432\u0445\u043e\u0434\u0438\u0442) \u041a\u043e\u043b\u0438\u0447\u0435\u0441\u0442\u0432\u043e \u0441\u0432\u0435\u0442\u043e\u0432\u044b\u0445 \u0442\u043e\u0447\u0435\u043a: 1 \u041c\u043e\u0449\u043d\u043e\u0441\u0442\u044c: max 1x50W \u041a\u043b\u0430\u0441\u0441 \u0437\u0430\u0449\u0438\u0442\u044b IP: 20<\/p>","protected":false},"featured_media":1443,"comment_status":"open","ping_status":"closed","template":"","meta":[],"product_cat":[23],"product_tag":[],"class_list":{"0":"post-1442","1":"product","2":"type-product","3":"status-publish","4":"has-post-thumbnail","6":"product_cat-spoty-i-tochechnoe-osveshhenie","8":"first","9":"instock","10":"shipping-taxable","11":"purchasable","12":"product-type-simple"},"_links":{"self":[{"href":"https:\/\/invilight.md\/ro\/wp-json\/wp\/v2\/product\/1442","targetHints":{"allow":["GET"]}}],"collection":[{"href":"https:\/\/invilight.md\/ro\/wp-json\/wp\/v2\/product"}],"about":[{"href":"https:\/\/invilight.md\/ro\/wp-json\/wp\/v2\/types\/product"}],"replies":[{"embeddable":true,"href":"https:\/\/invilight.md\/ro\/wp-json\/wp\/v2\/comments?post=1442"}],"wp:featuredmedia":[{"embeddable":true,"href":"https:\/\/invilight.md\/ro\/wp-json\/wp\/v2\/media\/1443"}],"wp:attachment":[{"href":"https:\/\/invilight.md\/ro\/wp-json\/wp\/v2\/media?parent=1442"}],"wp:term":[{"taxonomy":"product_cat","embeddable":true,"href":"https:\/\/invilight.md\/ro\/wp-json\/wp\/v2\/product_cat?post=1442"},{"taxonomy":"product_tag","embeddable":true,"href":"https:\/\/invilight.md\/ro\/wp-json\/wp\/v2\/product_tag?post=1442"}],"curies":[{"name":"wp","href":"https:\/\/api.w.org\/{rel}","templated":true}]}}