{"id":1639,"date":"2022-10-22T09:43:44","date_gmt":"2022-10-22T09:43:44","guid":{"rendered":"https:\/\/invilight.md\/?post_type=product&#038;p=1639"},"modified":"2024-11-08T18:29:24","modified_gmt":"2024-11-08T18:29:24","slug":"adapter-dlya-trekovoj-sistemy-2","status":"publish","type":"product","link":"https:\/\/invilight.md\/ro\/product\/adapter-dlya-trekovoj-sistemy-2\/","title":{"rendered":"Adaptor pentru sistem de \u0219in\u0103"},"content":{"rendered":"<p>Un adaptor cu care pute\u021bi conecta orice lamp\u0103 suspendat\u0103 la sistemul de magistral\u0103. De la unul la mai mul\u021bi.<\/p>","protected":false},"excerpt":{"rendered":"<p>Un adaptor cu care pute\u021bi conecta orice lamp\u0103 suspendat\u0103 la sistemul de magistral\u0103. De la unul la mai mul\u021bi.<\/p>","protected":false},"featured_media":1640,"comment_status":"open","ping_status":"closed","template":"","meta":[],"product_cat":[36],"product_tag":[],"class_list":{"0":"post-1639","1":"product","2":"type-product","3":"status-publish","4":"has-post-thumbnail","6":"product_cat-trekovie-svetilniki","8":"first","9":"instock","10":"shipping-taxable","11":"purchasable","12":"product-type-simple"},"_links":{"self":[{"href":"https:\/\/invilight.md\/ro\/wp-json\/wp\/v2\/product\/1639","targetHints":{"allow":["GET"]}}],"collection":[{"href":"https:\/\/invilight.md\/ro\/wp-json\/wp\/v2\/product"}],"about":[{"href":"https:\/\/invilight.md\/ro\/wp-json\/wp\/v2\/types\/product"}],"replies":[{"embeddable":true,"href":"https:\/\/invilight.md\/ro\/wp-json\/wp\/v2\/comments?post=1639"}],"wp:featuredmedia":[{"embeddable":true,"href":"https:\/\/invilight.md\/ro\/wp-json\/wp\/v2\/media\/1640"}],"wp:attachment":[{"href":"https:\/\/invilight.md\/ro\/wp-json\/wp\/v2\/media?parent=1639"}],"wp:term":[{"taxonomy":"product_cat","embeddable":true,"href":"https:\/\/invilight.md\/ro\/wp-json\/wp\/v2\/product_cat?post=1639"},{"taxonomy":"product_tag","embeddable":true,"href":"https:\/\/invilight.md\/ro\/wp-json\/wp\/v2\/product_tag?post=1639"}],"curies":[{"name":"wp","href":"https:\/\/api.w.org\/{rel}","templated":true}]}}