{"id":1772,"date":"2023-10-07T11:56:59","date_gmt":"2023-10-07T11:56:59","guid":{"rendered":"https:\/\/invilight.md\/?post_type=product&#038;p=1772"},"modified":"2023-10-07T11:56:59","modified_gmt":"2023-10-07T11:56:59","slug":"tgz2mcz-01-111-priza-dubla-cu-impimantare-modul-alb-mat","status":"publish","type":"product","link":"https:\/\/invilight.md\/ro\/product\/tgz2mcz-01-111-priza-dubla-cu-impimantare-modul-alb-mat\/","title":{"rendered":"TGZ2MCZ.01\/111. Priza dubla cu impimantare. Modul. Alb mat"},"content":{"rendered":"<ol class=\"catalog-product-data__param-list catalog-product-data__card-container\">\n<li class=\"catalog-product-data__param\"><span class=\"catalog-product-data__param-name\"><span>Seria:\u00a0<\/span><\/span><span class=\"catalog-product-data__param-value\"><span>Simon 55<\/span><\/span><\/li>\n<li class=\"catalog-product-data__param\"><span class=\"catalog-product-data__param-name\"><span>Nume\/Tip produs:\u00a0<\/span><\/span><span class=\"catalog-product-data__param-value\"><span>priz\u0103 dubl\u0103 cu \u00eemp\u0103m\u00e2ntare \u0219i obloane<\/span><\/span><\/li>\n<li class=\"catalog-product-data__param\"><span class=\"catalog-product-data__param-name\"><span>Culoare:\u00a0<\/span><\/span><span class=\"catalog-product-data__param-value\"><span>alb mat<\/span><\/span><\/li>\n<li class=\"catalog-product-data__param\"><span class=\"catalog-product-data__param-name\"><span>Tip produs:\u00a0<\/span><\/span><span class=\"catalog-product-data__param-value\"><span>modul<\/span><\/span><\/li>\n<li class=\"catalog-product-data__param\"><span class=\"catalog-product-data__param-name\"><span>Curent nominal:\u00a0<\/span><\/span><span class=\"catalog-product-data__param-value\"><span>16 A<\/span><\/span><\/li>\n<li class=\"catalog-product-data__param\"><span class=\"catalog-product-data__param-name\"><span>Tensiune nominal\u0103:\u00a0<\/span><\/span><span class=\"catalog-product-data__param-value\"><span>250V<\/span><\/span><\/li>\n<li class=\"catalog-product-data__param\"><span class=\"catalog-product-data__param-name\"><span>Tip conexiune \/ Tip clem\u0103:\u00a0<\/span><\/span><span class=\"catalog-product-data__param-value\"><span>conectori rapidi<\/span><\/span><\/li>\n<li class=\"catalog-product-data__param\"><span class=\"catalog-product-data__param-name\"><span>Grad de protec\u021bie IP:\u00a0<\/span><\/span><span class=\"catalog-product-data__param-value\"><span>IP20<\/span><\/span><\/li>\n<li class=\"catalog-product-data__param\"><span class=\"catalog-product-data__param-name\"><span>Numar de module:\u00a0<\/span><\/span><span class=\"catalog-product-data__param-value\"><span>1<\/span><\/span><\/li>\n<li class=\"catalog-product-data__param\"><span class=\"catalog-product-data__param-name\"><span>Numar de unitati:\u00a0<\/span><\/span><span class=\"catalog-product-data__param-value\"><span>2<\/span><\/span><\/li>\n<li class=\"catalog-product-data__param\"><span class=\"catalog-product-data__param-name\"><span>Gama de frecvente:\u00a0<\/span><\/span><span class=\"catalog-product-data__param-value\"><span>50-60 Hz<\/span><\/span><\/li>\n<li class=\"catalog-product-data__param\"><span class=\"catalog-product-data__param-name\"><span>Capace de deschidere curente:\u00a0<\/span><\/span><span class=\"catalog-product-data__param-value\"><span>da<\/span><\/span><\/li>\n<\/ol>","protected":false},"excerpt":{"rendered":"<p>Seria:\u00a0Simon 55 Nume\/Tip produs:\u00a0priz\u0103 dubl\u0103 cu \u00eemp\u0103m\u00e2ntare \u0219i obloane Culoare:\u00a0alb mat Tip produs:\u00a0modul Curent nominal:\u00a016 A Tensiune nominal\u0103:\u00a0250V Tip conexiune \/ Tip clem\u0103:\u00a0conectori rapidi Grad de protec\u021bie IP:\u00a0IP20 Numar de module:\u00a01 Numar de unitati:\u00a02 Gama de frecvente:\u00a050-60 Hz Capace de deschidere curente:\u00a0da<\/p>","protected":false},"featured_media":1773,"comment_status":"open","ping_status":"closed","template":"","meta":[],"product_cat":[72],"product_tag":[],"class_list":{"0":"post-1772","1":"product","2":"type-product","3":"status-publish","4":"has-post-thumbnail","6":"product_cat-simon-55-new","8":"first","9":"instock","10":"shipping-taxable","11":"purchasable","12":"product-type-simple"},"_links":{"self":[{"href":"https:\/\/invilight.md\/ro\/wp-json\/wp\/v2\/product\/1772","targetHints":{"allow":["GET"]}}],"collection":[{"href":"https:\/\/invilight.md\/ro\/wp-json\/wp\/v2\/product"}],"about":[{"href":"https:\/\/invilight.md\/ro\/wp-json\/wp\/v2\/types\/product"}],"replies":[{"embeddable":true,"href":"https:\/\/invilight.md\/ro\/wp-json\/wp\/v2\/comments?post=1772"}],"wp:featuredmedia":[{"embeddable":true,"href":"https:\/\/invilight.md\/ro\/wp-json\/wp\/v2\/media\/1773"}],"wp:attachment":[{"href":"https:\/\/invilight.md\/ro\/wp-json\/wp\/v2\/media?parent=1772"}],"wp:term":[{"taxonomy":"product_cat","embeddable":true,"href":"https:\/\/invilight.md\/ro\/wp-json\/wp\/v2\/product_cat?post=1772"},{"taxonomy":"product_tag","embeddable":true,"href":"https:\/\/invilight.md\/ro\/wp-json\/wp\/v2\/product_tag?post=1772"}],"curies":[{"name":"wp","href":"https:\/\/api.w.org\/{rel}","templated":true}]}}