{"id":972,"date":"2022-04-29T17:26:32","date_gmt":"2022-04-29T17:26:32","guid":{"rendered":"http:\/\/invilight.md\/?post_type=product&#038;p=972"},"modified":"2024-11-09T00:38:36","modified_gmt":"2024-11-09T00:38:36","slug":"cgsz1-01-49-rozetka-s-zazemleniem-tipa-schuko","status":"publish","type":"product","link":"https:\/\/invilight.md\/ro\/product\/cgsz1-01-49-rozetka-s-zazemleniem-tipa-schuko\/","title":{"rendered":"CGSZ1.01\/49. Priz\u0103 cu \u00eemp\u0103m\u00e2ntare, tip Schuko"},"content":{"rendered":"<div class=\"catalog__product-param-name\">Seria: SIMON 10<\/div>\n<div>Cod produs: CGSZ1.01\/49<\/div>\n<div class=\"catalog__product-param-name\">Nume produs: Priz\u0103 simpl\u0103 cu \u00eemp\u0103m\u00e2ntare, tip Schuko, modul<\/div>\n<div class=\"catalog__product-param-name\">Culoare: negru mat<\/div>\n<div class=\"catalog__product-param-name\">Curent nominal: 16 A.<\/div>\n<div class=\"catalog__product-param-name\">Tensiune nominal\u0103: 250 V.<\/div>\n<div class=\"catalog__product-param-name\">Tip conexiune\/tip terminal: terminale cu \u0219urub<\/div>\n<div class=\"catalog__product-param-name\">Clasa de protectie: IP20<\/div>\n<div class=\"catalog__product-param-name\">Gama de frecvente: 50-60Hz<\/div>\n<div>Producator: KONTAKT-Simon SA<\/div>","protected":false},"excerpt":{"rendered":"<p>\u0421\u0435\u0440\u0438\u044f: SIMON 10 \u041a\u043e\u0434 \u0442\u043e\u0432\u0430\u0440\u0430: CGSZ1.01\/49 \u041d\u0430\u0438\u043c\u0435\u043d\u043e\u0432\u0430\u043d\u0438\u0435 \u0442\u043e\u0432\u0430\u0440\u0430: \u041e\u0434\u043d\u043e\u043c\u0435\u0441\u0442\u043d\u0430\u044f \u0440\u043e\u0437\u0435\u0442\u043a\u0430 \u0441 \u0437\u0430\u0437\u0435\u043c\u043b\u0435\u043d\u0438\u0435\u043c, \u0442\u0438\u043f\u0430 Schuko, \u043c\u043e\u0434\u0443\u043b\u044c \u0426\u0432\u0435\u0442: \u0447\u0435\u0440\u043d\u044b\u0439 \u043c\u0430\u0442\u043e\u0432\u044b\u0439 \u041d\u043e\u043c\u0438\u043d\u0430\u043b\u044c\u043d\u044b\u0439 \u0442\u043e\u043a: 16 \u0410. \u041d\u043e\u043c\u0438\u043d\u0430\u043b\u044c\u043d\u043e\u0435 \u043d\u0430\u043f\u0440\u044f\u0436\u0435\u043d\u0438\u0435: 250 \u0412. \u0422\u0438\u043f \u043f\u043e\u0434\u043a\u043b\u044e\u0447\u0435\u043d\u0438\u044f\/\u0442\u0438\u043f \u043a\u043b\u0435\u043c\u043c\u044b: \u0432\u0438\u043d\u0442\u043e\u0432\u044b\u0435 \u0437\u0430\u0436\u0438\u043c\u044b \u041a\u043b\u0430\u0441\u0441 \u0437\u0430\u0449\u0438\u0442\u044b: IP20 \u0414\u0438\u0430\u043f\u0430\u0437\u043e\u043d \u0447\u0430\u0441\u0442\u043e\u0442: 50-60 \u0413\u0446 \u041f\u0440\u043e\u0438\u0437\u0432\u043e\u0434\u0438\u0442\u0435\u043b\u044c: KONTAKT-Simon SA<\/p>","protected":false},"featured_media":975,"comment_status":"open","ping_status":"closed","template":"","meta":[],"product_cat":[30],"product_tag":[],"class_list":{"0":"post-972","1":"product","2":"type-product","3":"status-publish","4":"has-post-thumbnail","6":"product_cat-simon-10","8":"first","9":"instock","10":"sale","11":"shipping-taxable","12":"purchasable","13":"product-type-simple"},"_links":{"self":[{"href":"https:\/\/invilight.md\/ro\/wp-json\/wp\/v2\/product\/972","targetHints":{"allow":["GET"]}}],"collection":[{"href":"https:\/\/invilight.md\/ro\/wp-json\/wp\/v2\/product"}],"about":[{"href":"https:\/\/invilight.md\/ro\/wp-json\/wp\/v2\/types\/product"}],"replies":[{"embeddable":true,"href":"https:\/\/invilight.md\/ro\/wp-json\/wp\/v2\/comments?post=972"}],"wp:featuredmedia":[{"embeddable":true,"href":"https:\/\/invilight.md\/ro\/wp-json\/wp\/v2\/media\/975"}],"wp:attachment":[{"href":"https:\/\/invilight.md\/ro\/wp-json\/wp\/v2\/media?parent=972"}],"wp:term":[{"taxonomy":"product_cat","embeddable":true,"href":"https:\/\/invilight.md\/ro\/wp-json\/wp\/v2\/product_cat?post=972"},{"taxonomy":"product_tag","embeddable":true,"href":"https:\/\/invilight.md\/ro\/wp-json\/wp\/v2\/product_tag?post=972"}],"curies":[{"name":"wp","href":"https:\/\/api.w.org\/{rel}","templated":true}]}}